{"id":830,"date":"2015-09-30T09:39:29","date_gmt":"2015-09-30T09:39:29","guid":{"rendered":"http:\/\/adventure-tours.themedelight.com\/?page_id=830"},"modified":"2015-09-30T09:39:29","modified_gmt":"2015-09-30T09:39:29","slug":"shortcode-other","status":"publish","type":"page","link":"https:\/\/experience.lacs-gorges-verdon.fr\/en\/shortcode-other\/","title":{"rendered":"Shortcode other"},"content":{"rendered":"<div class=\"vc_row wpb_row vc_row-fluid margin-bottom\"><div class=\"wpb_column vc_column_container vc_col-sm-12 vc_col-md-7\"><div class=\"vc_column-inner\"><div class=\"wpb_wrapper\"><div class=\"last-posts\">\n<div class=\"title title--center title--underline title--decoration-bottom-center\">\n\t\t<h3 class=\"title__primary\">Latest Posts<\/h3>\n<\/div>\n\t\t<div class=\"last-posts__item last-posts__item--with-images\">\n\t\t<div class=\"last-posts__item__container\">\n\t\t<a href=\"https:\/\/experience.lacs-gorges-verdon.fr\/en\/lac-sainte-croix\/\" class=\"last-posts__item__image-wrap\"><img loading=\"lazy\" decoding=\"async\" width=\"1140\" height=\"760\" src=\"https:\/\/experience.lacs-gorges-verdon.fr\/wp-content\/uploads\/2015\/07\/lac-1140x760.jpg\" class=\"attachment-thumb_last_posts_shortcode size-thumb_last_posts_shortcode wp-post-image\" alt=\"\" srcset=\"https:\/\/experience.lacs-gorges-verdon.fr\/wp-content\/uploads\/2015\/07\/lac-1140x760.jpg 1140w, https:\/\/experience.lacs-gorges-verdon.fr\/wp-content\/uploads\/2015\/07\/lac-300x200.jpg 300w, https:\/\/experience.lacs-gorges-verdon.fr\/wp-content\/uploads\/2015\/07\/lac-1024x684.jpg 1024w, https:\/\/experience.lacs-gorges-verdon.fr\/wp-content\/uploads\/2015\/07\/lac-768x513.jpg 768w, https:\/\/experience.lacs-gorges-verdon.fr\/wp-content\/uploads\/2015\/07\/lac-1536x1025.jpg 1536w, https:\/\/experience.lacs-gorges-verdon.fr\/wp-content\/uploads\/2015\/07\/lac-531x354.jpg 531w, https:\/\/experience.lacs-gorges-verdon.fr\/wp-content\/uploads\/2015\/07\/lac-600x400.jpg 600w, https:\/\/experience.lacs-gorges-verdon.fr\/wp-content\/uploads\/2015\/07\/lac-180x120.jpg 180w, https:\/\/experience.lacs-gorges-verdon.fr\/wp-content\/uploads\/2015\/07\/lac.jpg 2048w\" sizes=\"auto, (max-width: 1140px) 100vw, 1140px\" \/><\/a>\t\t\t<div class=\"last-posts__item__content\">\n\t\t\t\t<h3 class=\"last-posts__item__title\"><a href=\"https:\/\/experience.lacs-gorges-verdon.fr\/en\/lac-sainte-croix\/\">Sainte-Croix lake<\/a><\/h3>\n\t\t\t\t<div class=\"last-posts__item__description\">A la sortie du Grand Canyon, le lac de Sainte-Croix s\u2019ouvre \u00e0 vous, reconnaissable \u00e0 ses eaux turquoise intenses. Ce lac r\u00e9sulte de la construction<\/div>\n\t\t\t\t<a href=\"https:\/\/experience.lacs-gorges-verdon.fr\/en\/lac-sainte-croix\/\" class=\"atbtn atbtn--rounded atbtn--medium atbtn--light\">Read more<i class=\"atbtn__icon atbtn__icon--right fa fa-long-arrow-right\"><\/i><\/a>\n\t\t\t<\/div>\n\t\t<\/div>\n\t<\/div>\n\t<\/div>\n<\/div><\/div><\/div><div class=\"wpb_column vc_column_container vc_col-sm-12 vc_col-md-5\"><div class=\"vc_column-inner\"><div class=\"wpb_wrapper\"><div class=\"vc_empty_space  visible-sm visible-xs\"\n\t  style=\"height: 40px\"><span class=\"vc_empty_space_inner\"><\/span><\/div>\n<div class=\"title title--center title--underline title--decoration-bottom-center\">\n\t\t<h3 class=\"title__primary\">timeline<\/h3>\n<\/div>\n<div class=\"timeline\"><div class=\"timeline__item\">\n\t<div class=\"timeline__item__icon-wrap\">\n\t\t<div class=\"timeline__item__icon\">\n\t\t\t<div class=\"timeline__item__icon__text\">1<\/div>\n\t\t<\/div>\n\t<\/div>\n\t<div class=\"timeline__item__content padding-left\">\n\t\t<h3 class=\"timeline__item__title\">Day 1<\/h3>\t\t<div class=\"timeline__item__description\">Lorem ipsum 1<\/div>\t<\/div>\n<\/div>\n<div class=\"timeline__item\">\n\t<div class=\"timeline__item__icon-wrap\">\n\t\t<div class=\"timeline__item__icon\">\n\t\t\t<div class=\"timeline__item__icon__text\">2<\/div>\n\t\t<\/div>\n\t<\/div>\n\t<div class=\"timeline__item__content padding-left\">\n\t\t<h3 class=\"timeline__item__title\">Day 2<\/h3>\t\t<div class=\"timeline__item__description\">Lorem ipsum 2<\/div>\t<\/div>\n<\/div>\n<div class=\"timeline__item\">\n\t<div class=\"timeline__item__icon-wrap\">\n\t\t<div class=\"timeline__item__icon\">\n\t\t\t<div class=\"timeline__item__icon__text\">3<\/div>\n\t\t<\/div>\n\t<\/div>\n\t<div class=\"timeline__item__content padding-left\">\n\t\t<h3 class=\"timeline__item__title\">Day 3<\/h3>\t\t<div class=\"timeline__item__description\">Lorem ipsum 3<\/div>\t<\/div>\n<\/div>\n<div class=\"timeline__item\">\n\t<div class=\"timeline__item__icon-wrap\">\n\t\t<div class=\"timeline__item__icon\">\n\t\t\t<div class=\"timeline__item__icon__text\">4<\/div>\n\t\t<\/div>\n\t<\/div>\n\t<div class=\"timeline__item__content padding-left\">\n\t\t<h3 class=\"timeline__item__title\">Day 4<\/h3>\t\t<div class=\"timeline__item__description\">Lorem ipsum 4<\/div>\t<\/div>\n<\/div>\n<\/div><\/div><\/div><\/div><\/div><div class=\"vc_row wpb_row vc_row-fluid\"><div class=\"wpb_column vc_column_container vc_col-sm-12\"><div class=\"vc_column-inner\"><div class=\"wpb_wrapper\"><div class=\"title title--big title--center title--underline title--decoration-bottom-center\">\n\t\t\t<div class=\"title__subtitle\">Shortcode<\/div>\n\t\t<h3 class=\"title__primary\">Icon set<\/h3>\n<\/div>\n<div class=\"icons-set margin-bottom-large\">\n\t<div class=\"row icons-set__row\">\n\t\t\t\t\t<div class=\"col-sm-4\">\n\t\t\t<div class=\"icons-set__item\">\n\t\t\t\t\t\t\t<div class=\"icons-set__item__field icons-set__item__field--fix-size\">\n\t\t\t\t<div class=\"icons-set__item__icon-wrap\"><i class=\"icons-set__item__icon td-earth-1\"><\/i><\/div>\t\t\t\t<\/div>\n\t\t\t\t\t\t\t<div class=\"icons-set__item__field\">\n\t\t\t\t<h3 class=\"icons-set__item__title\">Diverse destinations<\/h3>\t\t\t\t\t<div class=\"icons-set__item__description\">Habitasse. Nunc mollis erat dapibus in commodo eu nisi. Odio purus magnis lorem.<\/div>\n\t\t\t\t<\/div>\n\t\t\t<\/div>\n\t\t<\/div>\n\t\t\t\t\t<div class=\"col-sm-4\">\n\t\t\t<div class=\"icons-set__item\">\n\t\t\t\t\t\t\t<div class=\"icons-set__item__field icons-set__item__field--fix-size\">\n\t\t\t\t<div class=\"icons-set__item__icon-wrap\"><i class=\"icons-set__item__icon td-banknote-1\"><\/i><\/div>\t\t\t\t<\/div>\n\t\t\t\t\t\t\t<div class=\"icons-set__item__field\">\n\t\t\t\t<h3 class=\"icons-set__item__title\">Best prices<\/h3>\t\t\t\t\t<div class=\"icons-set__item__description\">Nulla imperdiet dictum laoreet netus. Habitant ullamcorper. Auctor auctor cras.<\/div>\n\t\t\t\t<\/div>\n\t\t\t<\/div>\n\t\t<\/div>\n\t\t\t\t\t<div class=\"col-sm-4\">\n\t\t\t<div class=\"icons-set__item\">\n\t\t\t\t\t\t\t<div class=\"icons-set__item__field icons-set__item__field--fix-size\">\n\t\t\t\t<div class=\"icons-set__item__icon-wrap\"><i class=\"icons-set__item__icon td-photocamera-5\"><\/i><\/div>\t\t\t\t<\/div>\n\t\t\t\t\t\t\t<div class=\"icons-set__item__field\">\n\t\t\t\t<h3 class=\"icons-set__item__title\">Beautiful places<\/h3>\t\t\t\t\t<div class=\"icons-set__item__description\">Eu molestie Purus ac. Facilisis hac in metus nunc parturient ornare consequat enim.<\/div>\n\t\t\t\t<\/div>\n\t\t\t<\/div>\n\t\t<\/div>\n\t\t\t<\/div><div class=\"row icons-set__row\">\t\t<div class=\"col-sm-4\">\n\t\t\t<div class=\"icons-set__item\">\n\t\t\t\t\t\t\t<div class=\"icons-set__item__field icons-set__item__field--fix-size\">\n\t\t\t\t<div class=\"icons-set__item__icon-wrap\"><i class=\"icons-set__item__icon td-calendar-2\"><\/i><\/div>\t\t\t\t<\/div>\n\t\t\t\t\t\t\t<div class=\"icons-set__item__field\">\n\t\t\t\t<h3 class=\"icons-set__item__title\">Fast booking<\/h3>\t\t\t\t\t<div class=\"icons-set__item__description\">Torquent egestas. Per integer placerat ipsum quam adipiscing vehicula nisi.<\/div>\n\t\t\t\t<\/div>\n\t\t\t<\/div>\n\t\t<\/div>\n\t\t\t\t\t<div class=\"col-sm-4\">\n\t\t\t<div class=\"icons-set__item\">\n\t\t\t\t\t\t\t<div class=\"icons-set__item__field icons-set__item__field--fix-size\">\n\t\t\t\t<div class=\"icons-set__item__icon-wrap\"><i class=\"icons-set__item__icon td-chat\"><\/i><\/div>\t\t\t\t<\/div>\n\t\t\t\t\t\t\t<div class=\"icons-set__item__field\">\n\t\t\t\t<h3 class=\"icons-set__item__title\">Instant help<\/h3>\t\t\t\t\t<div class=\"icons-set__item__description\">Turpis accumsan. Proin id ligula suspendisse. Aliquet fringilla, aptent eu dignissim.<\/div>\n\t\t\t\t<\/div>\n\t\t\t<\/div>\n\t\t<\/div>\n\t\t\t\t\t<div class=\"col-sm-4\">\n\t\t\t<div class=\"icons-set__item\">\n\t\t\t\t\t\t\t<div class=\"icons-set__item__field icons-set__item__field--fix-size\">\n\t\t\t\t<div class=\"icons-set__item__icon-wrap\"><i class=\"icons-set__item__icon td-heart\"><\/i><\/div>\t\t\t\t<\/div>\n\t\t\t\t\t\t\t<div class=\"icons-set__item__field\">\n\t\t\t\t<h3 class=\"icons-set__item__title\">Emotional travel<\/h3>\t\t\t\t\t<div class=\"icons-set__item__description\">Metus cubilia aenean. Fusce, dapibus netus nullam interdum ut vehicula.<\/div>\n\t\t\t\t<\/div>\n\t\t\t<\/div>\n\t\t<\/div>\n\t\t<\/div>\n<\/div>\n<\/div><\/div><\/div><\/div><div class=\"vc_row wpb_row vc_row-fluid\"><div class=\"wpb_column vc_column_container vc_col-sm-12 vc_col-md-6\"><div class=\"vc_column-inner\"><div class=\"wpb_wrapper\"><div class=\"title title--center title--underline title--decoration-bottom-center\">\n\t\t<h3 class=\"title__primary\">Accordion<\/h3>\n<\/div>\n<div class=\"panel-group accordion accordion--with-border\" id=\"ataccordion1\">\n<div class=\"panel panel-default accordion__item\">\n\t<div class=\"panel-heading accordion__item__title-wrap\">\n\t\t<h4 class=\"panel-title\">\n\t\t\t<a data-toggle=\"collapse\" data-parent=\"#ataccordion1\" href=\"#ataccordion1_1\" class=\"accordion__item__link\">Title 1<\/a>\n\t\t<\/h4>\n\t<\/div>\n\t<div id=\"ataccordion1_1\" class=\"panel-collapse in\">\n\t\t<div class=\"panel-body accordion__item__content\">Lorem ipsum 1<\/div>\n\t<\/div>\n<\/div> \n<div class=\"panel panel-default accordion__item\">\n\t<div class=\"panel-heading accordion__item__title-wrap\">\n\t\t<h4 class=\"panel-title\">\n\t\t\t<a data-toggle=\"collapse\" data-parent=\"#ataccordion1\" href=\"#ataccordion1_2\" class=\"accordion__item__link collapsed\">Title 2<\/a>\n\t\t<\/h4>\n\t<\/div>\n\t<div id=\"ataccordion1_2\" class=\"panel-collapse collapse\">\n\t\t<div class=\"panel-body accordion__item__content\">Lorem ipsum 2<\/div>\n\t<\/div>\n<\/div> \n<div class=\"panel panel-default accordion__item\">\n\t<div class=\"panel-heading accordion__item__title-wrap\">\n\t\t<h4 class=\"panel-title\">\n\t\t\t<a data-toggle=\"collapse\" data-parent=\"#ataccordion1\" href=\"#ataccordion1_3\" class=\"accordion__item__link collapsed\">Title 3<\/a>\n\t\t<\/h4>\n\t<\/div>\n\t<div id=\"ataccordion1_3\" class=\"panel-collapse collapse\">\n\t\t<div class=\"panel-body accordion__item__content\">Lorem ipsum 3<\/div>\n\t<\/div>\n<\/div><\/div><\/div><\/div><\/div><div class=\"wpb_column vc_column_container vc_col-sm-12 vc_col-md-6\"><div class=\"vc_column-inner\"><div class=\"wpb_wrapper\"><div class=\"vc_empty_space  visible-sm visible-xs\"\n\t  style=\"height: 40px\"><span class=\"vc_empty_space_inner\"><\/span><\/div>\n<div class=\"title title--center title--underline title--decoration-bottom-center\">\n\t\t<h3 class=\"title__primary\">Tabs<\/h3>\n<\/div>\n<div class=\"tours-tabs tours-tabs--with-border\">\n\t<ul class=\"nav nav-tabs\">\n\t<li class=\"active\"><a href=\"#attab1_1\" data-toggle=\"tab\">Title 1<\/a><\/li><li><a href=\"#attab1_2\" data-toggle=\"tab\">Title 2<\/a><\/li><li><a href=\"#attab1_3\" data-toggle=\"tab\">Title 3<\/a><\/li>\t<\/ul>\n\t<div class=\"tab-content\">\n\t<div class=\"tab-pane active\" id=\"attab1_1\"><div class=\"tours-tabs__content padding-all\">Lorem ipsum 1<\/div><\/div><div class=\"tab-pane\" id=\"attab1_2\"><div class=\"tours-tabs__content padding-all\">Lorem ipsum 2<\/div><\/div><div class=\"tab-pane\" id=\"attab1_3\"><div class=\"tours-tabs__content padding-all\">Lorem ipsum 3<\/div><\/div>\t<\/div>\n<\/div><\/div><\/div><\/div><\/div>","protected":false},"excerpt":{"rendered":"Latest Posts Le lac de Sainte-Croix A la sortie du Grand Canyon, le lac de Sainte-Croix s\u2019ouvre \u00e0 vous, reconnaissable \u00e0 ses eaux turquoise intenses. Ce lac r\u00e9sulte de la construction Read more timeline 1 Day 1 Lorem ipsum 1 2 Day 2 Lorem ipsum 2 3 Day 3 Lorem ipsum 3 4 Day 4<div class=\"padding-top text-center\"><a href=\"https:\/\/experience.lacs-gorges-verdon.fr\/en\/shortcode-other\/\" class=\"atbtn atbtn--medium atbtn--rounded atbtn--transparent\">Read more<i class=\"atbtn__icon atbtn__icon--right fa fa-long-arrow-right\"><\/i><\/a><\/div>","protected":false},"author":2,"featured_media":0,"parent":0,"menu_order":0,"comment_status":"closed","ping_status":"closed","template":"template-boxed.php","meta":{"footnotes":""},"class_list":["post-830","page","type-page","status-publish","hentry"],"_links":{"self":[{"href":"https:\/\/experience.lacs-gorges-verdon.fr\/en\/wp-json\/wp\/v2\/pages\/830","targetHints":{"allow":["GET"]}}],"collection":[{"href":"https:\/\/experience.lacs-gorges-verdon.fr\/en\/wp-json\/wp\/v2\/pages"}],"about":[{"href":"https:\/\/experience.lacs-gorges-verdon.fr\/en\/wp-json\/wp\/v2\/types\/page"}],"author":[{"embeddable":true,"href":"https:\/\/experience.lacs-gorges-verdon.fr\/en\/wp-json\/wp\/v2\/users\/2"}],"replies":[{"embeddable":true,"href":"https:\/\/experience.lacs-gorges-verdon.fr\/en\/wp-json\/wp\/v2\/comments?post=830"}],"version-history":[{"count":0,"href":"https:\/\/experience.lacs-gorges-verdon.fr\/en\/wp-json\/wp\/v2\/pages\/830\/revisions"}],"wp:attachment":[{"href":"https:\/\/experience.lacs-gorges-verdon.fr\/en\/wp-json\/wp\/v2\/media?parent=830"}],"curies":[{"name":"wp","href":"https:\/\/api.w.org\/{rel}","templated":true}]}}